{"id":1124,"date":"2025-10-17T12:10:51","date_gmt":"2025-10-17T10:10:51","guid":{"rendered":"https:\/\/magicbadalona.com\/contacto\/"},"modified":"2025-12-02T17:33:44","modified_gmt":"2025-12-02T16:33:44","slug":"contacto","status":"publish","type":"page","link":"https:\/\/magicbadalona.com\/es\/contacto\/","title":{"rendered":"Contacto"},"content":{"rendered":"\t\t<div data-elementor-type=\"wp-page\" data-elementor-id=\"1124\" class=\"elementor elementor-1124 elementor-649\" data-elementor-post-type=\"page\">\n\t\t\t\t<div class=\"elementor-element elementor-element-38f9874 e-grid e-con-full e-con e-parent\" data-id=\"38f9874\" data-element_type=\"container\" data-e-type=\"container\">\n\t\t<div class=\"elementor-element elementor-element-9d49d14 e-flex e-con-boxed e-con e-child\" data-id=\"9d49d14\" data-element_type=\"container\" data-e-type=\"container\">\n\t\t\t\t\t<div class=\"e-con-inner\">\n\t\t\t\t<div class=\"elementor-element elementor-element-d873d89 elementor-widget elementor-widget-heading\" data-id=\"d873d89\" data-element_type=\"widget\" data-e-type=\"widget\" data-widget_type=\"heading.default\">\n\t\t\t\t\t<div class=\"elementor-heading-title elementor-size-default\">D\u00e9janos tus datos y muy pronto nos pondremos en contacto contigo:\n\n<\/div>\t\t\t\t<\/div>\n\t\t\t\t<div class=\"elementor-element elementor-element-dc02326 elementor-button-align-stretch elementor-widget elementor-widget-form\" data-id=\"dc02326\" data-element_type=\"widget\" data-e-type=\"widget\" data-settings=\"{&quot;step_next_label&quot;:&quot;Siguiente&quot;,&quot;step_previous_label&quot;:&quot;Anterior&quot;,&quot;button_width&quot;:&quot;100&quot;,&quot;step_type&quot;:&quot;number_text&quot;,&quot;step_icon_shape&quot;:&quot;circle&quot;}\" data-widget_type=\"form.default\">\n\t\t\t\t\t\t\t<form class=\"elementor-form\" method=\"post\" name=\"New Form\" aria-label=\"New Form\">\n\t\t\t<input type=\"hidden\" name=\"post_id\" value=\"1124\"\/>\n\t\t\t<input type=\"hidden\" name=\"form_id\" value=\"dc02326\"\/>\n\t\t\t<input type=\"hidden\" name=\"referer_title\" value=\"Contacto - M\u00e0gic Badalona\" \/>\n\n\t\t\t\t\t\t\t<input type=\"hidden\" name=\"queried_id\" value=\"1124\"\/>\n\t\t\t\n\t\t\t<div class=\"elementor-form-fields-wrapper elementor-labels-\">\n\t\t\t\t\t\t\t\t<div class=\"elementor-field-type-text elementor-field-group elementor-column elementor-field-group-name elementor-col-100\">\n\t\t\t\t\t\t\t\t\t\t\t\t<label for=\"form-field-name\" class=\"elementor-field-label elementor-screen-only\">\n\t\t\t\t\t\t\t\tNombre\t\t\t\t\t\t\t<\/label>\n\t\t\t\t\t\t\t\t\t\t\t\t\t\t<input size=\"1\" type=\"text\" name=\"form_fields[name]\" id=\"form-field-name\" class=\"elementor-field elementor-size-sm  elementor-field-textual\" placeholder=\"Nombre\">\n\t\t\t\t\t\t\t\t\t\t\t<\/div>\n\t\t\t\t\t\t\t\t<div class=\"elementor-field-type-email elementor-field-group elementor-column elementor-field-group-email elementor-col-100 elementor-field-required\">\n\t\t\t\t\t\t\t\t\t\t\t\t<label for=\"form-field-email\" class=\"elementor-field-label elementor-screen-only\">\n\t\t\t\t\t\t\t\tEmail\t\t\t\t\t\t\t<\/label>\n\t\t\t\t\t\t\t\t\t\t\t\t\t\t<input size=\"1\" type=\"email\" name=\"form_fields[email]\" id=\"form-field-email\" class=\"elementor-field elementor-size-sm  elementor-field-textual\" placeholder=\"Email\" required=\"required\">\n\t\t\t\t\t\t\t\t\t\t\t<\/div>\n\t\t\t\t\t\t\t\t<div class=\"elementor-field-type-textarea elementor-field-group elementor-column elementor-field-group-message elementor-col-100\">\n\t\t\t\t\t\t\t\t\t\t\t\t<label for=\"form-field-message\" class=\"elementor-field-label elementor-screen-only\">\n\t\t\t\t\t\t\t\tComentarios\t\t\t\t\t\t\t<\/label>\n\t\t\t\t\t\t<textarea class=\"elementor-field-textual elementor-field  elementor-size-sm\" name=\"form_fields[message]\" id=\"form-field-message\" rows=\"4\" placeholder=\"Comentarios\"><\/textarea>\t\t\t\t<\/div>\n\t\t\t\t\t\t\t\t<div class=\"elementor-field-group elementor-column elementor-field-type-submit elementor-col-100 e-form__buttons\">\n\t\t\t\t\t<button class=\"elementor-button elementor-size-sm\" type=\"submit\">\n\t\t\t\t\t\t<span class=\"elementor-button-content-wrapper\">\n\t\t\t\t\t\t\t\t\t\t\t\t\t\t\t\t\t\t\t\t\t\t<span class=\"elementor-button-text\">Enviar<\/span>\n\t\t\t\t\t\t\t\t\t\t\t\t\t<\/span>\n\t\t\t\t\t<\/button>\n\t\t\t\t<\/div>\n\t\t\t<\/div>\n\t\t<\/form>\n\t\t\t\t\t\t<\/div>\n\t\t\t\t<div class=\"elementor-element elementor-element-5e3777f elementor-widget elementor-widget-html\" data-id=\"5e3777f\" data-element_type=\"widget\" data-e-type=\"widget\" data-widget_type=\"html.default\">\n\t\t\t\t\tContinuant acceptes la <a href=\"\/politica-de-privadesa\/\" target=\"_blank\" >Pol\u00edtica de Privadesa<\/a> de M\u00e0gic Badalona.\t\t\t\t<\/div>\n\t\t\t\t\t<\/div>\n\t\t\t\t<\/div>\n\t\t<div class=\"elementor-element elementor-element-514f921 e-grid e-con-boxed e-con e-child\" data-id=\"514f921\" data-element_type=\"container\" data-e-type=\"container\">\n\t\t\t\t\t<div class=\"e-con-inner\">\n\t\t\t\t<div class=\"elementor-element elementor-element-52ab6e4 elementor-position-top elementor-widget elementor-widget-image-box\" data-id=\"52ab6e4\" data-element_type=\"widget\" data-e-type=\"widget\" data-widget_type=\"image-box.default\">\n\t\t\t\t\t<div class=\"elementor-image-box-wrapper\"><figure class=\"elementor-image-box-img\"><a href=\"tel:+34932245598\" tabindex=\"-1\"><img decoding=\"async\" width=\"64\" height=\"64\" src=\"https:\/\/magicbadalona.com\/wp-content\/uploads\/2025\/11\/phone-call.png\" class=\"attachment-full size-full wp-image-1243\" alt=\"\" \/><\/a><\/figure><div class=\"elementor-image-box-content\"><h3 class=\"elementor-image-box-title\"><a href=\"tel:+34932245598\">Tel\u00e9fono<\/a><\/h3><p class=\"elementor-image-box-description\">+34 932 245 598<\/p><\/div><\/div>\t\t\t\t<\/div>\n\t\t\t\t<div class=\"elementor-element elementor-element-c815f47 elementor-position-top elementor-widget elementor-widget-image-box\" data-id=\"c815f47\" data-element_type=\"widget\" data-e-type=\"widget\" data-widget_type=\"image-box.default\">\n\t\t\t\t\t<div class=\"elementor-image-box-wrapper\"><figure class=\"elementor-image-box-img\"><a href=\"mailto:info@magicbadalona.es\" tabindex=\"-1\"><img decoding=\"async\" width=\"64\" height=\"64\" src=\"https:\/\/magicbadalona.com\/wp-content\/uploads\/2025\/11\/mail.png\" class=\"attachment-full size-full wp-image-1244\" alt=\"\" \/><\/a><\/figure><div class=\"elementor-image-box-content\"><h3 class=\"elementor-image-box-title\"><a href=\"mailto:info@magicbadalona.es\">Correo electr\u00f3nico<\/a><\/h3><p class=\"elementor-image-box-description\">info@magicbadalona.es<\/p><\/div><\/div>\t\t\t\t<\/div>\n\t\t\t\t\t<\/div>\n\t\t\t\t<\/div>\n\t\t\t\t<\/div>\n\t\t<div class=\"elementor-element elementor-element-aae04dc e-con-full e-flex e-con e-parent\" data-id=\"aae04dc\" data-element_type=\"container\" data-e-type=\"container\">\n\t\t\t\t<div class=\"elementor-element elementor-element-6663fa7 elementor-widget-divider--view-line_icon elementor-view-default elementor-widget-divider--element-align-center elementor-widget elementor-widget-divider\" data-id=\"6663fa7\" data-element_type=\"widget\" data-e-type=\"widget\" data-widget_type=\"divider.default\">\n\t\t\t\t\t\t\t<div class=\"elementor-divider\">\n\t\t\t<span class=\"elementor-divider-separator\">\n\t\t\t\t\t\t\t<div class=\"elementor-icon elementor-divider__element\">\n\t\t\t\t\t<svg xmlns=\"http:\/\/www.w3.org\/2000\/svg\" xmlns:xlink=\"http:\/\/www.w3.org\/1999\/xlink\" id=\"Layer_1\" x=\"0px\" y=\"0px\" viewBox=\"0 0 5160.83 1409.41\" style=\"enable-background:new 0 0 5160.83 1409.41;\" xml:space=\"preserve\"> <style type=\"text\/css\"> .st0{fill:#D35539;} <\/style> <g> <path class=\"st0\" d=\"M2331.3,455.79c9.82-13.38,17.1-23.22,24.3-33.13c22.37-30.78,44.69-61.6,67.06-92.38 c4.67-6.43,8.87-12.5,17.74-15.06c61.49-17.76,123.59-24.68,185.99-7.19c62.59,17.54,104.64,57.46,118.71,122.18 c4.61,21.21,4.63,43.67,4.69,65.57c0.39,137.65,0.21,275.3,0.14,412.95c0,4.26,1.11,8.82-2.84,14.02c-78.51,0-157.98,0-237.81,0 c-5.27-7.13-2.65-15.46-2.67-23.17c-0.39-110.55-0.53-221.11-0.69-331.66c-0.02-15.5-2.58-30.54-7.42-45.22 c-10.21-31-31.99-47.87-63.98-52.24c-38.27-5.23-72.33,4.99-104.43,28.64c0,140.4,0,281.46,0,423.75c-80.98,0-160.46,0-240.73,0 c-4.88-6.62-2.21-14.95-2.23-22.64c-0.21-105.43-0.28-210.87,0.01-316.3c0.04-14.77-1.33-29.33-4.5-43.54 c-10.95-49.02-40.13-69.33-89.83-69.25c-28.64,0.04-53.85,9.71-81.57,27.97c0,139.97,0,281.04,0,423.54c-80.99,0-160.36,0-241.25,0 c0-201.48,0-403.05,0-606c79.5,0,158.96,0,240.63,0c0,44.17,0,88.4,0,132.64c1.3,0.52,2.6,1.03,3.91,1.55 c3.3-4.26,6.74-8.43,9.89-12.8c24.37-33.85,49.44-67.23,72.66-101.86c10.19-15.2,22.74-22.98,40.08-26.89 c49.79-11.25,99.7-14.57,150.19-5.87c75.45,13,123.01,58.12,139.61,132.6C2328.07,440.96,2329.15,445.95,2331.3,455.79z\"><\/path> <path class=\"st0\" d=\"M3528.97,1136.6c0-64.45,0-129.47,0-194.82c9-1.52,13.62,5.47,19.44,9.01 c66.28,40.33,136.95,65.64,215.63,63.61c27.27-0.7,53.81-5.81,78.84-16.96c42.18-18.79,69.63-49.86,78.67-95.94 c9.17-46.78,6.63-93.95,6.33-141.99c-8.95,2.44-10.99,9.31-14.6,14.26c-26.32,36.04-52.65,72.09-78.25,108.65 c-6.85,9.79-14.84,15.35-26.52,16.64c-127.32,14.08-285.04-39.64-310.99-217.34c-14.81-101.43,6.49-193.71,76.05-271.47 c46.41-51.88,106.17-81.71,173.14-97.59c86.38-20.48,172.78-15.77,258.98,1.62c47.4,9.57,93.37,23.98,138.24,41.91 c6.74,2.69,13.34,5.72,18.98,8.15c4.13,6.65,2.58,12.63,2.59,18.29c0.1,151.56,0.34,303.12-0.02,454.67 c-0.22,90.62-28.27,170.98-90.91,237.91c-48.93,52.28-110.79,80.07-179.73,93.87c-71.16,14.24-142.7,11.53-214.12,2.46 c-46.42-5.89-92.33-14.82-137.25-28.34C3538.54,1141.71,3533.56,1140.7,3528.97,1136.6z M3927.34,717.84c0-78.33,0-154.9,0-230.9 c-65.43-39.76-148.18-14.49-175.16,53.57c-17.1,43.13-16.74,87.16,0.38,130.32c17.13,43.18,54.35,67.53,100.68,67.38 C3879.36,738.12,3903.47,730.59,3927.34,717.84z\"><\/path> <path class=\"st0\" d=\"M3193.82,543.24c-9.75-58.4-42.5-88.13-103.81-94.56c-63.37-6.64-123.68,6.01-182.29,29.13 c-14.23,5.61-28.26,11.72-44.26,18.38c0.03-6.16,3.1-9.82,5.42-13.8c28.76-49.28,57.6-98.51,86.07-147.95 c4.96-8.61,10.31-15.21,20.75-17.48c90.36-19.68,180.96-25.39,271.99-4.96c31.63,7.1,61.47,18.88,88.38,37.25 c46.25,31.57,71.79,75.69,79.5,130.84c2.44,17.48,2.98,34.94,2.97,52.51c-0.07,121.56-0.04,243.11-0.04,364.67 c0,7.93,0,15.87,0,25.29c-74.94,0-148.38,0-224.01,0c0-29.61,0-59.08,0-89.59c-9.11,2.72-12.06,8.87-16.06,13.65 c-21.59,25.83-43.24,51.61-64.31,77.86c-6.43,8.01-13.31,11.49-23.79,12.57c-52.32,5.39-103.75,2.83-153.93-13.88 c-69.86-23.26-114.52-69.84-125.98-143.46c-11.3-72.56,9.64-134.58,68.04-181.8c36.23-29.3,78.33-45.14,123.71-52.69 c58.88-9.8,117.93-9.93,176.99-1.11C3183.43,544.76,3187.77,546.23,3193.82,543.24z M3193.62,672.95 c-34.17-8-67.79-8.85-101.74-1.31c-13.01,2.89-25.06,7.75-35.77,15.67c-31.71,23.45-38.54,82.43,12.83,103.06 c42,16.87,83.9,10.6,124.67-4.69C3193.62,747.43,3193.62,711.03,3193.62,672.95z\"><\/path> <path class=\"st0\" d=\"M5138.24,758.73c-28.9,51.65-57.82,103.28-86.67,154.96c-2.62,4.69-5.79,7.97-11.39,9.26 c-94.44,21.71-188.5,27.3-280.11-11.48c-100.14-42.38-158.36-120.06-179.96-225.06c-15.64-76.02-7.54-150.08,29.52-219.43 c40.79-76.34,104.44-125.58,186.5-149.82c99-29.24,197.87-25.24,295.45,8.52c7.56,2.62,14.83,6.09,22.86,9.42 c0,62.31,0,124.18,0,187.76c-8.46-2.19-12.37-8.81-17.6-13.2c-43.14-36.19-92.12-52.7-148.52-44.8 c-70.42,9.87-121.49,64.89-126.49,136.45c-2.12,30.42,2.06,60,14.82,87.77c27.49,59.8,76.46,88.32,140.31,93.5 c46.67,3.79,91.76-5.13,135.95-19.49c7.48-2.43,14.92-4.97,22.38-7.46C5136.27,756.66,5137.25,757.69,5138.24,758.73z\"><\/path> <path class=\"st0\" d=\"M4499.18,316.49c2.23,19.51,2.98,571.1,0.86,605.97c-78.37,0-156.87,0-235.38,0 c-3.02-17.07-3.72-578.05-0.61-605.97C4341.89,316.49,4419.88,316.49,4499.18,316.49z\"><\/path> <path class=\"st0\" d=\"M2288.67,1123.64c0-39.22,0-78.69,0-119.76c20.24,0,39.53,0,58.88,0c3.25,16.1,4.13,344.64,0.86,373.19 c-23.36,14.65-50.39,16.72-77.23,18.94c-10.16,0.84-20.55,0.53-30.7-0.54c-71.3-7.48-102.19-54.56-107.84-117.45 c-2.23-24.83-0.23-49.65,7.33-73.81c18.38-58.72,67.47-90.21,128.23-81.91C2274.65,1123.19,2280.96,1125.78,2288.67,1123.64z M2288.18,1350.57c0-62.95,0-126.29,0-189.34c-39.22-13.85-72.19,0.2-85.83,37.35c-13.78,37.54-13.24,75.95-2.21,114.06 C2209.8,1346,2243.21,1369.9,2288.18,1350.57z\"><\/path> <path class=\"st0\" d=\"M1663.48,1003.27c20.02,0,38.74,0,59.28,0c0,42.31,0,83.68,0,126.3c18.95-4.46,35.62-9.29,53.46-8.87 c36.75,0.86,64.64,16.4,83.44,47.71c20.06,33.42,23.53,70.15,19.68,108.03c-0.81,7.98-2.13,15.98-4,23.78 c-16.11,67.26-66.65,101.7-141.45,95.65c-24.6-1.99-49.41-4.68-70.3-18.92C1661.71,1356.87,1661.55,1026.91,1663.48,1003.27z M1723.61,1352.51c44.09,15.84,75.43,1.37,88.63-41.2c11.5-37.08,11.62-74.89-0.02-111.92c-13.22-42.05-48.54-55.15-88.61-33.69 C1723.61,1227.28,1723.61,1289.19,1723.61,1352.51z\"><\/path> <path class=\"st0\" d=\"M4380.37,242.4c-39.18-0.44-73.22-13-97.92-44.59c-32.87-42.07-25.74-103.64,15.07-137.99 c48.99-41.24,129.43-38.04,174.82,5.02c39.7,37.66,41.25,116.66-11.42,154.15C4438.9,234.66,4413.79,242.3,4380.37,242.4z\"><\/path> <path class=\"st0\" d=\"M3028.68,1167.67c0,74.03,0,147.78,0,222.57c-19.77,2.99-38.54,1.34-57.07,1.08 c-4.67-15.9-6.34-211.7-2.3-252.09c15.47-10.01,33.44-13.39,51.44-16.04c33.4-4.92,66.95-7.14,100.07,1.76 c37.48,10.07,57.39,36.23,57.51,75.11c0.19,58.5,0.07,117,0.03,175.51c0,4.34-0.4,8.69-0.69,14.49 c-18.88,3.56-37.57,1.2-55.64,1.34c-5.99-7.14-3.67-14.78-3.7-21.82c-0.21-51.92-1.04-103.86,0.18-155.75 c0.95-40.87-16.17-62.24-65.03-54.77C3045.59,1160.25,3037.37,1160.56,3028.68,1167.67z\"><\/path> <path class=\"st0\" d=\"M2716.86,1260.42c-0.93-27.86,3.21-52.21,12.47-75.55c16.77-42.25,50.52-64.99,96.73-65.71 c46.35-0.72,81.48,20.5,98.61,62.65c20.38,50.13,20.7,101.4-0.02,151.48c-17.84,43.11-52.13,63.22-98.47,62.89 c-45.58-0.33-79.99-23.64-96.77-65.67c-3.5-8.77-6.51-17.91-8.27-27.15C2718.27,1288.33,2714.94,1273.22,2716.86,1260.42z M2878.43,1256.05c0.56-22.5-1.78-45.71-9.59-67.98c-7.17-20.46-21.33-30.76-40.63-30.91c-19.22-0.15-34.71,10-41.05,30.23 c-14.1,44.99-14.83,90.59-0.57,135.68c7.08,22.38,20.81,31.31,42.17,31.1c21.23-0.21,33.69-9.75,41.21-32.33 C2876.96,1300.85,2878.95,1279.09,2878.43,1256.05z\"><\/path> <path class=\"st0\" d=\"M3235,1174.26c-5.08-12.26-9.25-22.29-13.76-33.19c15.29-11.47,33.18-15.03,50.83-18.19 c26-4.65,52.21-6.15,78.16,1.13c37.15,10.42,58.24,35.33,60.41,73.89c1.35,24.05,0.56,48.22,0.6,72.34 c0.06,35.05,0.02,70.1,0.02,105.62c-12,8.49-25.44,11.38-38.84,14.38c-32.47,7.29-65.2,8.29-97.91,2.49 c-40.92-7.26-64.68-30.29-68.46-68.61c-4.08-41.41,13.26-68.4,48.57-84.44c26.86-12.21,55.38-18.04,84.38-22.02 c4.25-0.58,8.83,0.42,12.54-2.5c6.72-37.73-5.32-53.82-42.58-56.48C3283.72,1156.89,3259.9,1163.01,3235,1174.26z M3353.28,1247.03 c-13.01-0.2-23.75,1.33-34.25,4.49c-7.63,2.29-15.46,4.2-22.75,7.34c-33.24,14.3-39.59,49.46-29.11,77.07 c3.47,9.15,10.04,16.15,19.26,19.86c22.52,9.08,44.81,9.25,66.85-1.1C3353.28,1318.35,3353.28,1283.54,3353.28,1247.03z\"><\/path> <path class=\"st0\" d=\"M2522.69,1214.56c6.16-36.83-5.6-52.63-41.59-55.81c-19.27-1.7-37.88,1.62-56.07,7.7 c-6.11,2.04-12.08,4.52-18.98,7.11c-6.08-10.82-10.03-21.59-14.13-34.58c45.94-19.68,92.33-27.74,140.58-11.1 c27.39,9.44,42.15,30.63,47.3,58.4c1.98,10.7,2.16,21.84,2.21,32.79c0.23,45.39,0.17,90.79,0.01,136.18 c-0.02,7.2,1.56,14.64-2.73,23.5c-49.17,19.74-100.7,24.58-152.85,8.47c-27.85-8.61-45.81-28.66-49.05-58.8 c-3.59-33.41,3.53-62.84,34.82-81.53c30.17-18.02,63.87-24.43,98.02-29.23C2514.51,1217.06,2519.09,1217.81,2522.69,1214.56z M2523.81,1247.05c-16.73-0.6-31.63,2.85-46.09,7.62c-34.12,11.25-47.61,33.28-43.21,68.9c2.09,16.91,11.13,28.66,27.04,34.06 c20.7,7.03,41.41,6.9,62.25-2.87C2523.81,1318.81,2523.81,1283.34,2523.81,1247.05z\"><\/path> <path class=\"st0\" d=\"M2103.11,1377.57c-50.89,20.45-100.93,25.21-151.81,10.96c-29.74-8.33-49.67-27.8-53.06-60.01 c-3.8-36.12,5.04-66.6,40.15-84.85c29.01-15.08,60.26-21.54,92.17-25.99c4.27-0.6,8.82,0.21,12.55-2.7 c7.38-35.52-5.17-52.87-40.58-56.17c-21.32-1.98-38.53,1.24-75.39,14.29c-6.9-9.31-9.67-20.66-14.24-32.2 c15.1-11.19,32.97-14.83,50.62-18.02c27.5-4.97,55.16-6.14,82.42,2.28c32.63,10.08,52.8,34.49,55.6,68.44 c3.3,40.12,1.07,80.35,1.54,120.53C2103.31,1334.52,2103.11,1354.92,2103.11,1377.57z M2044.9,1246.61 c-17.97,0.41-32.87,3.48-47.3,8.42c-33.47,11.47-46.04,31.76-42.45,66.76c1.92,18.73,11.56,31.02,29.43,36.58 c20.16,6.27,39.99,5.52,60.32-3.65C2044.9,1319.07,2044.9,1283.69,2044.9,1246.61z\"><\/path> <path class=\"st0\" d=\"M2625.11,1002.81c19.93,0,38.12,0,56.25,0c4.24,15.54,5.11,362.83,0.84,387.88c-18.47,0-37.13,0-57.09,0 C2625.11,1261.51,2625.11,1133.19,2625.11,1002.81z\"><\/path> <path class=\"st0\" d=\"M2933.01,146.06c11.53-16.77,26.13-21.01,41.51-23.08c31.52-4.24,62.42-1.34,92.6,9.02 c10.9,3.74,18.26,9.84,22.92,21.18c11.9,28.96,25.36,57.28,37.97,85.96c1.97,4.48,5.04,8.88,4.16,15.89 c-27.83,0-55.36-0.08-82.88,0.08c-4.81,0.03-8.43-1.87-11.6-5.01C3003.08,215.74,2968.5,181.35,2933.01,146.06z\"><\/path> <path class=\"st0\" d=\"M4637.56,75.68c2.25,0.43,3.82,1.61,4.31,3.96C4638.71,80.2,4638.12,77.95,4637.56,75.68z\"><\/path> <path class=\"st0\" d=\"M496.93,1383.69c-2.46,5.28-4.3,10.99-7.52,15.76c-7.15,10.57-13.25,11.95-26.18,7.79 c-50.82-16.33-92.4-44.75-124.49-88.34c-44.51-60.45-73.54-127.52-92-199.69c-1.79-7-2.73-14.22-7.39-21.49 c-16.86,0.66-32.8-0.49-47.61,14.13c-7.86,7.76-17.05,14.02-23.81,23.71c-10.98,15.75-32.94,15.22-44.46,0.24 c-15.03-19.54-15.5-30.82-2.61-51.79c8.65-14.07,21.75-23.5,34.2-33.63c2.14-0.54,3.5-1.82,3.77-4.09c0,0-0.1,0.11-0.09,0.11 c23.33-4.05,44.58-16.2,68.18-14.83c2.35-9.25,1.99-15.62-0.47-21.89c1.59-6.04-1.59-11.44-2.27-17.18 c-1.23-27.74-2.46-55.49-3.75-84.43c-15.96-6.59-33.51-7.5-50.32-11.08c-35.06-7.47-69.77-16.06-103.65-27.8 c-7.58-2.63-14.76-6.38-22.31-9.1C14.3,849.37,1.05,827.57,0.09,796.57c-0.59-18.95,1.39-22.86,19.28-28.53 c2.78-0.88,5.51-1.9,8.26-2.86c9.01-0.91,15.66,3.06,19.77,10.7c10.05,18.67,27.06,27.19,46.09,33.83 c26.76,9.34,54.28,15.85,82.08,20.14c13.67,2.11,27.75,9.66,42.34,3.12c4.25-9.42,1.82-18.96,2.49-28.21 c3.81-10.1,3.85-20.47,2.17-30.96c1.71-12.23,2.32-24.45,0.93-37.51c-13.53-3.47-26.8-2.26-39.63-4.86 c-51.34-10.42-89.37-38.51-114.55-84.07c-25.09-45.39-33.78-94.74-32.85-145.94c0.31-16.99,9.06-32.2,14.9-47.88 c4.33-11.64,10.21-22.7,14.46-34.36c4.59-12.58,13.04-18.9,26.21-19.38c4.56,3.59,9.21,7.08,13.64,10.81 c7.44,6.26,9.44,13,6.03,23.18c-15.02,44.81-14.45,90.82-4.76,136.28c5.99,28.09,18.7,54.25,42.09,72.82 c22.84,18.13,48.47,28.29,78.47,24c1.34-11.49,6.57-20.12,5.05-29.97c0.74-10.11,1.47-20.23,2.21-30.34 c6.87-39.43,12.92-79.03,20.79-118.27c16.13-80.39,40.64-158.06,77.61-231.57c35.92-71.43,84.64-132.69,145.02-184.86 c7.17-6.19,14.2-12.54,21.3-18.82c3.12-0.19,5.36-1.52,6.18-4.71l-0.15,0.1c2.84-0.09,4.45-1.45,4.53-4.39l-0.01,0 c9.71,1.87,16.73-3.91,23.97-8.69C566.45,13.95,602.6,3.27,640.9,0.47c27.37-2,30.97,1.62,38.4,27.74 c1.98,14.29-7.07,18.6-18.62,22.22c-45.58,14.26-87.5,35.78-126.54,63.44c-13.88,9.84-22.32,25.09-37,33.7 c-2.27,1.74-4.36,3.59-4.45,6.75l0.21-0.16c-15.94,7.69-22.88,24.14-34.8,35.74c-6.81,1.54-9.51,6.05-9.18,12.73l-0.03-0.01 c-7.75,2.33-10.66,9.3-14.92,15.16c-39.88,54.87-66.67,116.15-87.42,180.2c-24.06,74.26-37.13,150.91-46.87,228.15 c-1.13,8.98-3.12,18.82,2.22,27.39c12.07,4.07,22.07-1.72,32.05-5.51c45.76-17.38,90.1-37.96,131.7-63.76 c15.13-9.38,33.47-14.72,43.97-30.85l0.04-0.1c6.82,0.84,11.34-1.86,13.27-8.58l0.01-0.06c6.73,0.68,11.22-2.12,13.31-8.62 c2.08-0.68,4.42-0.96,6.2-2.11c41.28-26.47,79.33-57.42,118.84-86.34c3.94-2.88,8.69-6,7.2-12.36l-0.24,0.18 c10,0.97,16.57-2.63,17.84-13.34l-0.24,0.18c5.59,1.93,9.63-0.84,13.41-4.41c22.73-11.03,41.37-28.04,61.54-42.73 c12-8.74,27.12-13.88,34.93-27.92c5.48-1.28,9.84-4.18,12.93-8.92c24.29-11.14,46.66-25.13,65.59-44.22c0,0,0.05-0.14,0.05-0.13 c6.84,0.9,11.31-1.89,13.24-8.57l0.01-0.09c6.78,0.79,11.33-1.9,13.35-8.53l-0.03-0.05c4.67,0.73,8.54-1.4,12.33-3.61 c20.1-11.77,39.84-24.2,60.32-35.27c60.89-32.93,122.03-65.07,192.77-72.25c18.65-1.89,34.64,0.94,48.02,14.07 c19.27,18.9,38.18,38.15,57.26,57.24c6.33,6.34,11.11,13.49,12.07,22.68c-1.88,3.96-3.33,8.21-5.73,11.83 c-11.7,17.68-23.7,19.14-39.36,4.32c-7.42-7.02-14.51-14.59-20.59-22.76c-14.2-19.08-32.15-25.37-55.71-21.67 c-42.67,6.7-81.05,24.31-118.74,43.84c-91.88,47.6-176.66,106.4-260.32,166.84c-48.65,35.14-96.15,71.88-144.68,107.18 c-91.36,66.45-187.03,125.4-293.31,165.5c-9.99,2.48-20.41,3.72-29.01,10.15c-25.49,1.83-25.42,1.83-25.9,26.53 c-0.27,13.83-0.83,27.52-2.87,41.37c-2.39,16.26-3.13,33.24,0.93,49.61c7.7,2.58,14.36,5.31,21.85,5.88 c39.92,3.05,79.9,5.38,119.83,8.05c46.53,3.11,93.29,2.11,139.98,4.28c57.54,2.67,115.26,1.36,172.89-2.78 c32.02-2.3,64.54,1.48,96.44-1.62c53.64-5.21,107.59-5.23,161.13-11.77c36.09-4.41,72.64-5.22,108.68-9.95 c52.6-6.9,105.22-14.23,157.03-25.89c41.24-9.29,82.69-18.29,119.92-39.85c8.81-5.1,18.72-8.98,21.12-20.61 c7.78-6.24,13.58-15.87,25.58-14.83c1.36,2.67,3.5,4.17,6.36,5.23c14.46,5.38,21.67,15.46,20.06,31.31 c-0.43,4.24-0.04,8.57-0.03,12.86c-3.84,12.98-13.91,20.08-24.86,26.35c-27.44,15.71-57.05,26.12-87.2,35.02 c-78.69,23.21-159.33,36.86-240.4,48.21c-81.12,11.35-162.6,19.43-244.32,24.84c-146.02,9.66-292.15,14.64-438.46,7.01 c-25.54-1.33-51.09-2.34-76.63-3.51c-10.03-2.54-20.23-1.99-30.42-1.69c-9.4,0.81-18.06-7-28.07-2.38 c-4.67,8.1-3.85,17.5-1.86,25.51c5.86,23.66,2.16,47.98,7.15,71.82c4.61,21.96,2.86,21.77,25.29,28.41 c32.94,9.75,65.51,20.67,96.43,35.94c45.98,22.69,89.74,49.14,132.05,78.06c85.83,58.66,178.95,101.83,279.09,129.57 c68.48,18.97,137.94,31.14,209.51,28.66c14.73-0.51,28.73-4.84,43.47-4.85c25.51-0.01,27.7,1.34,32.61,27.36 c-1.47,6.51-3.39,13.03-9.41,16.71c-20.47,12.54-40.23,24.72-66.35,24.96c-188.09,1.73-357.27-56.67-512.83-159.08 c-32.94-21.69-65.52-43.9-100.22-62.74c-7.02-3.81-14.41-6.95-21.62-10.39c-14.69-8.31-29.52-16.35-45.83-21.16 c-11.71-6.78-23.84-12.04-37.37-11.73c-4.35,9.57-0.71,16.89,1.52,24.51c11.54,39.31,27.85,76.72,49.98,110.97 c28.25,43.73,61.43,83.4,110.65,105.2C495.23,1360.41,498.44,1370.21,496.93,1383.69z\"><\/path> <\/g> <\/svg><\/div>\n\t\t\t\t\t\t<\/span>\n\t\t<\/div>\n\t\t\t\t\t\t<\/div>\n\t\t\t\t<div class=\"elementor-element elementor-element-48977e0 elementor-widget elementor-widget-text-editor\" data-id=\"48977e0\" data-element_type=\"widget\" data-e-type=\"widget\" data-widget_type=\"text-editor.default\">\n\t\t\t\t\t\t\t\t\t<p><b>CONSENTIMENTO INFORMADO<br><\/b>Los datos facilitados son responsabilidad del Centro Comercial M\u00e0gic Badalona Tus datos ser\u00e1n usados para resolver su consulta No tenemos previsto realizar ninguna cesi\u00f3n a menos que fuera necesaria la comunicaci\u00f3n a terceros. Le informamos que cuenta con los derechos de acceso, rectificaci\u00f3n, supresi\u00f3n y oposici\u00f3n. Para m\u00e1s informaci\u00f3n puedes acceder a nuestra pol\u00edtica de privacidad.<\/p>\t\t\t\t\t\t\t\t<\/div>\n\t\t\t\t<\/div>\n\t\t\t\t<\/div>\n\t\t","protected":false},"excerpt":{"rendered":"<p>D\u00e9janos tus datos y muy pronto nos pondremos en contacto contigo: Continuant acceptes la Pol\u00edtica de Privadesa de M\u00e0gic Badalona. Tel\u00e9fono +34 932 245 598 Correo electr\u00f3nico info@magicbadalona.es CONSENTIMENTO INFORMADOLos datos facilitados son responsabilidad del Centro Comercial M\u00e0gic Badalona Tus datos ser\u00e1n usados para resolver su consulta No tenemos previsto realizar ninguna cesi\u00f3n a menos [&hellip;]<\/p>\n","protected":false},"author":1,"featured_media":0,"parent":0,"menu_order":0,"comment_status":"closed","ping_status":"closed","template":"","meta":{"_acf_changed":false,"footnotes":""},"class_list":["post-1124","page","type-page","status-publish","hentry"],"acf":[],"_links":{"self":[{"href":"https:\/\/magicbadalona.com\/es\/wp-json\/wp\/v2\/pages\/1124","targetHints":{"allow":["GET"]}}],"collection":[{"href":"https:\/\/magicbadalona.com\/es\/wp-json\/wp\/v2\/pages"}],"about":[{"href":"https:\/\/magicbadalona.com\/es\/wp-json\/wp\/v2\/types\/page"}],"author":[{"embeddable":true,"href":"https:\/\/magicbadalona.com\/es\/wp-json\/wp\/v2\/users\/1"}],"replies":[{"embeddable":true,"href":"https:\/\/magicbadalona.com\/es\/wp-json\/wp\/v2\/comments?post=1124"}],"version-history":[{"count":4,"href":"https:\/\/magicbadalona.com\/es\/wp-json\/wp\/v2\/pages\/1124\/revisions"}],"predecessor-version":[{"id":1896,"href":"https:\/\/magicbadalona.com\/es\/wp-json\/wp\/v2\/pages\/1124\/revisions\/1896"}],"wp:attachment":[{"href":"https:\/\/magicbadalona.com\/es\/wp-json\/wp\/v2\/media?parent=1124"}],"curies":[{"name":"wp","href":"https:\/\/api.w.org\/{rel}","templated":true}]}}