{"id":1167,"date":"2025-10-15T16:09:16","date_gmt":"2025-10-15T14:09:16","guid":{"rendered":"https:\/\/magicbadalona.com\/magic-badalona\/horarios\/"},"modified":"2026-04-14T10:27:28","modified_gmt":"2026-04-14T08:27:28","slug":"horarios","status":"publish","type":"page","link":"https:\/\/magicbadalona.com\/es\/magic-badalona\/horarios\/","title":{"rendered":"Horarios"},"content":{"rendered":"\t\t<div data-elementor-type=\"wp-page\" data-elementor-id=\"1167\" class=\"elementor elementor-1167 elementor-631\" data-elementor-post-type=\"page\">\n\t\t\t\t<div class=\"elementor-element elementor-element-0161668 e-con-full e-flex e-con e-parent\" data-id=\"0161668\" data-element_type=\"container\" data-e-type=\"container\">\n\t\t<div class=\"elementor-element elementor-element-06e7177 e-con-full e-flex e-con e-child\" data-id=\"06e7177\" data-element_type=\"container\" data-e-type=\"container\">\n\t\t<div class=\"elementor-element elementor-element-ac50c9a e-con-full e-flex e-con e-child\" data-id=\"ac50c9a\" data-element_type=\"container\" data-e-type=\"container\">\n\t\t\t\t<div class=\"elementor-element elementor-element-0214cc3 elementor-widget elementor-widget-shortcode\" data-id=\"0214cc3\" data-element_type=\"widget\" data-e-type=\"widget\" data-widget_type=\"shortcode.default\">\n\t\t\t\t\t\t\t<div class=\"elementor-shortcode\">    <span class=\"dot dot--open\" aria-hidden=\"true\"><\/span>\n    <span class=\"estado-text\">\n                    <span class=\"label\">Abierto<\/span>\n                <span class=\"horario\"> 09:30 - 21:00<\/span>\n    <\/span>\n\n    <!-- Texto accesible para lectores de pantalla -->\n    <span class=\"screen-reader-text\">\n        Abierto. Horario:\n        09:30 a 21:00.\n    <\/span>\n    <\/div>\n\t\t\t\t\t\t<\/div>\n\t\t\t\t<\/div>\n\t\t\t\t<div class=\"elementor-element elementor-element-b7f3fb2 elementor-widget elementor-widget-n-accordion\" data-id=\"b7f3fb2\" data-element_type=\"widget\" data-e-type=\"widget\" data-settings=\"{&quot;max_items_expended&quot;:&quot;multiple&quot;,&quot;default_state&quot;:&quot;expanded&quot;,&quot;n_accordion_animation_duration&quot;:{&quot;unit&quot;:&quot;ms&quot;,&quot;size&quot;:400,&quot;sizes&quot;:[]}}\" data-widget_type=\"nested-accordion.default\">\n\t\t\t\t\t\t\t<div class=\"e-n-accordion\" aria-label=\"Accordion. Open links with Enter or Space, close with Escape, and navigate with Arrow Keys\">\n\t\t\t\t\t\t<details id=\"e-n-accordion-item-1920\" class=\"e-n-accordion-item\" open>\n\t\t\t\t<summary class=\"e-n-accordion-item-title\" data-accordion-index=\"1\" tabindex=\"0\" aria-expanded=\"true\" aria-controls=\"e-n-accordion-item-1920\" >\n\t\t\t\t\t<span class='e-n-accordion-item-title-header'><div class=\"e-n-accordion-item-title-text\"> Tiendas <\/div><\/span>\n\t\t\t\t\t\t\t<span class='e-n-accordion-item-title-icon'>\n\t\t\t<span class='e-opened' ><svg aria-hidden=\"true\" class=\"e-font-icon-svg e-fas-angle-up\" viewBox=\"0 0 320 512\" xmlns=\"http:\/\/www.w3.org\/2000\/svg\"><path d=\"M177 159.7l136 136c9.4 9.4 9.4 24.6 0 33.9l-22.6 22.6c-9.4 9.4-24.6 9.4-33.9 0L160 255.9l-96.4 96.4c-9.4 9.4-24.6 9.4-33.9 0L7 329.7c-9.4-9.4-9.4-24.6 0-33.9l136-136c9.4-9.5 24.6-9.5 34-.1z\"><\/path><\/svg><\/span>\n\t\t\t<span class='e-closed'><svg aria-hidden=\"true\" class=\"e-font-icon-svg e-fas-angle-down\" viewBox=\"0 0 320 512\" xmlns=\"http:\/\/www.w3.org\/2000\/svg\"><path d=\"M143 352.3L7 216.3c-9.4-9.4-9.4-24.6 0-33.9l22.6-22.6c9.4-9.4 24.6-9.4 33.9 0l96.4 96.4 96.4-96.4c9.4-9.4 24.6-9.4 33.9 0l22.6 22.6c9.4 9.4 9.4 24.6 0 33.9l-136 136c-9.2 9.4-24.4 9.4-33.8 0z\"><\/path><\/svg><\/span>\n\t\t<\/span>\n\n\t\t\t\t\t\t<\/summary>\n\t\t\t\t<div role=\"region\" aria-labelledby=\"e-n-accordion-item-1920\" class=\"elementor-element elementor-element-0956525 e-con-full e-flex e-con e-child\" data-id=\"0956525\" data-element_type=\"container\" data-e-type=\"container\">\n\t\t\t\t<div class=\"elementor-element elementor-element-1ee06ea elementor-widget elementor-widget-html\" data-id=\"1ee06ea\" data-element_type=\"widget\" data-e-type=\"widget\" data-widget_type=\"html.default\">\n\t\t\t\t\t    <div class=\"horari-list\">\n        <ul class=\"list-group list-group-flush \">\n            <li class=\" px-0 list-group-item d-flex justify-content-between align-items-center \">\n Lunes<span>09:30 a 21:00h<\/span>\n            <\/li>\n            \n              <li class=\" px-0 list-group-item d-flex justify-content-between align-items-center \">\n Martes<span>09:30 a 21:00h<\/span>\n            <\/li>\n            \n              <li class=\" px-0 list-group-item d-flex justify-content-between align-items-center \">\n <span>Mi\u00e9rcoles09:30 a 21:00h<\/span>\n            <\/li>\n            \n              <li class=\" px-0 list-group-item d-flex justify-content-between align-items-center \">\n Jueves<span>09:30 a 21:00h<\/span>\n            <\/li>\n            \n              <li class=\" px-0 list-group-item d-flex justify-content-between align-items-center \">\n Viernes<span>09:30 a 21:00h<\/span>\n            <\/li>\n            \n              <li class=\" px-0 list-group-item d-flex justify-content-between align-items-center \">\n S\u00e1bado<span>09:30 a 21:00h<\/span>\n            <\/li>\n            \n            <\/li>\n            <li class=\" px-0 list-group-item d-flex justify-content-between align-items-center \">\n Domingo <span>Cerrado<\/span>\n            <\/li>\n        <\/ul>\n    <\/div>\t\t\t\t<\/div>\n\t\t\t\t<\/div>\n\t\t\t\t\t<\/details>\n\t\t\t\t\t\t<details id=\"e-n-accordion-item-1921\" class=\"e-n-accordion-item\" >\n\t\t\t\t<summary class=\"e-n-accordion-item-title\" data-accordion-index=\"2\" tabindex=\"-1\" aria-expanded=\"false\" aria-controls=\"e-n-accordion-item-1921\" >\n\t\t\t\t\t<span class='e-n-accordion-item-title-header'><div class=\"e-n-accordion-item-title-text\"> Parking <span style=\"font-size:16px\">- 3 horas gratuitas al d\u00eda por matr\u00edcula<\/span> <\/div><\/span>\n\t\t\t\t\t\t\t<span class='e-n-accordion-item-title-icon'>\n\t\t\t<span class='e-opened' ><svg aria-hidden=\"true\" class=\"e-font-icon-svg e-fas-angle-up\" viewBox=\"0 0 320 512\" xmlns=\"http:\/\/www.w3.org\/2000\/svg\"><path d=\"M177 159.7l136 136c9.4 9.4 9.4 24.6 0 33.9l-22.6 22.6c-9.4 9.4-24.6 9.4-33.9 0L160 255.9l-96.4 96.4c-9.4 9.4-24.6 9.4-33.9 0L7 329.7c-9.4-9.4-9.4-24.6 0-33.9l136-136c9.4-9.5 24.6-9.5 34-.1z\"><\/path><\/svg><\/span>\n\t\t\t<span class='e-closed'><svg aria-hidden=\"true\" class=\"e-font-icon-svg e-fas-angle-down\" viewBox=\"0 0 320 512\" xmlns=\"http:\/\/www.w3.org\/2000\/svg\"><path d=\"M143 352.3L7 216.3c-9.4-9.4-9.4-24.6 0-33.9l22.6-22.6c9.4-9.4 24.6-9.4 33.9 0l96.4 96.4 96.4-96.4c9.4-9.4 24.6-9.4 33.9 0l22.6 22.6c9.4 9.4 9.4 24.6 0 33.9l-136 136c-9.2 9.4-24.4 9.4-33.8 0z\"><\/path><\/svg><\/span>\n\t\t<\/span>\n\n\t\t\t\t\t\t<\/summary>\n\t\t\t\t<div role=\"region\" aria-labelledby=\"e-n-accordion-item-1921\" class=\"elementor-element elementor-element-d71bb0f e-con-full e-flex e-con e-child\" data-id=\"d71bb0f\" data-element_type=\"container\" data-e-type=\"container\">\n\t\t\t\t<div class=\"elementor-element elementor-element-3478137 elementor-widget elementor-widget-html\" data-id=\"3478137\" data-element_type=\"widget\" data-e-type=\"widget\" data-widget_type=\"html.default\">\n\t\t\t\t\t    <div class=\"horari-list\">\n        <ul class=\"list-group list-group-flush \">\n            <li class=\" px-0 list-group-item d-flex justify-content-between align-items-center \">\n Lunes a Jueves<span>\n<b>Conc\u00f2rdia<\/b> de 8:45 a 1:15h<br><b>Pau Claris<\/b> de 8:50 a 0:30h<br><b>Caritg<\/b> de 6:45 a 23h<br><\/span> \n            <\/li>\n            <li class=\" px-0 list-group-item d-flex justify-content-between align-items-center \">\n Viernes\n<span>\n<b>Conc\u00f2rdia<\/b> de 8:45 a 1:15h<br><b>Pau Claris<\/b> de 8:50 a 0:30h<br><b>Caritg<\/b> de 6:45 a 23h<br><\/span> \n            <\/li>\n            <li class=\" px-0 list-group-item d-flex justify-content-between align-items-center\">\n S\u00e1bado\n<span>\n<b>Conc\u00f2rdia<\/b> de 8:45 a 1:15h<br><b>Pau Claris<\/b> de 8:50 a 0:30h<br><b>Caritg<\/b> de 7:45 a 22h<br><\/span> \n            <\/li>\n            <li class=\" px-0 list-group-item d-flex justify-content-between align-items-center \">\n Domingos y festivos\n<span>\n<b>Conc\u00f2rdia<\/b> de 9:15 a 1:15h<br><b>Pau Claris<\/b> de 9:15 a 0:30h<br><b>Caritg<\/b> de 8:45 a 22h<br><\/span> \n            <\/li>\n            \n        <\/ul>\n    <\/div>\t\t\t\t<\/div>\n\t\t\t\t<\/div>\n\t\t\t\t\t<\/details>\n\t\t\t\t\t\t<details id=\"e-n-accordion-item-1922\" class=\"e-n-accordion-item\" >\n\t\t\t\t<summary class=\"e-n-accordion-item-title\" data-accordion-index=\"3\" tabindex=\"-1\" aria-expanded=\"false\" aria-controls=\"e-n-accordion-item-1922\" >\n\t\t\t\t\t<span class='e-n-accordion-item-title-header'><div class=\"e-n-accordion-item-title-text\"> Restaurantes <\/div><\/span>\n\t\t\t\t\t\t\t<span class='e-n-accordion-item-title-icon'>\n\t\t\t<span class='e-opened' ><svg aria-hidden=\"true\" class=\"e-font-icon-svg e-fas-angle-up\" viewBox=\"0 0 320 512\" xmlns=\"http:\/\/www.w3.org\/2000\/svg\"><path d=\"M177 159.7l136 136c9.4 9.4 9.4 24.6 0 33.9l-22.6 22.6c-9.4 9.4-24.6 9.4-33.9 0L160 255.9l-96.4 96.4c-9.4 9.4-24.6 9.4-33.9 0L7 329.7c-9.4-9.4-9.4-24.6 0-33.9l136-136c9.4-9.5 24.6-9.5 34-.1z\"><\/path><\/svg><\/span>\n\t\t\t<span class='e-closed'><svg aria-hidden=\"true\" class=\"e-font-icon-svg e-fas-angle-down\" viewBox=\"0 0 320 512\" xmlns=\"http:\/\/www.w3.org\/2000\/svg\"><path d=\"M143 352.3L7 216.3c-9.4-9.4-9.4-24.6 0-33.9l22.6-22.6c9.4-9.4 24.6-9.4 33.9 0l96.4 96.4 96.4-96.4c9.4-9.4 24.6-9.4 33.9 0l22.6 22.6c9.4 9.4 9.4 24.6 0 33.9l-136 136c-9.2 9.4-24.4 9.4-33.8 0z\"><\/path><\/svg><\/span>\n\t\t<\/span>\n\n\t\t\t\t\t\t<\/summary>\n\t\t\t\t<div role=\"region\" aria-labelledby=\"e-n-accordion-item-1922\" class=\"elementor-element elementor-element-c283dd4 e-con-full e-flex e-con e-child\" data-id=\"c283dd4\" data-element_type=\"container\" data-e-type=\"container\">\n\t\t\t\t<div class=\"elementor-element elementor-element-e3a999b elementor-widget elementor-widget-html\" data-id=\"e3a999b\" data-element_type=\"widget\" data-e-type=\"widget\" data-widget_type=\"html.default\">\n\t\t\t\t\t    <div class=\"horari-list\">\n        <ul class=\"list-group list-group-flush \">\n            <li class=\" px-0 list-group-item d-flex justify-content-between align-items-center \">\n Lunes <span>09:00 a 23:00h<\/span>\n            <\/li>\n            <li class=\" px-0 list-group-item d-flex justify-content-between align-items-center \">\n Martes <span>09:00 a 23:00h<\/span>\n            <\/li>\n            <li class=\" px-0 list-group-item d-flex justify-content-between align-items-center \">\n Mi\u00e9rcoles <span>09:00 a 23:00h<\/span>\n            <\/li>\n            <li class=\" px-0 list-group-item d-flex justify-content-between align-items-center\">\n <span>Jueves09:00 a 23:00h<\/span>\n            <\/li>\n            <li class=\" px-0 list-group-item d-flex justify-content-between align-items-center \">\n Viernes <span>09:00 a 23:30h<\/span>\n            <\/li>\n            <li class=\" px-0 list-group-item d-flex justify-content-between align-items-center \">\n S\u00e1bado <span>09:00 a 23:30h<\/span>\n            <\/li>\n            <li class=\" px-0 list-group-item d-flex justify-content-between align-items-center \">\n <span>Domingo10:00 a 23:30h<\/span>\n            <\/li>\n        <\/ul>\n    <\/div>\t\t\t\t<\/div>\n\t\t\t\t<\/div>\n\t\t\t\t\t<\/details>\n\t\t\t\t\t\t<details id=\"e-n-accordion-item-1923\" class=\"e-n-accordion-item\" >\n\t\t\t\t<summary class=\"e-n-accordion-item-title\" data-accordion-index=\"4\" tabindex=\"-1\" aria-expanded=\"false\" aria-controls=\"e-n-accordion-item-1923\" >\n\t\t\t\t\t<span class='e-n-accordion-item-title-header'><div class=\"e-n-accordion-item-title-text\"> Cine <span style=\"color:gray;font-size:16px\">- horario de taquillas en funci\u00f3n de la duraci\u00f3n de las pel\u00edculas<\/span> <\/div><\/span>\n\t\t\t\t\t\t\t<span class='e-n-accordion-item-title-icon'>\n\t\t\t<span class='e-opened' ><svg aria-hidden=\"true\" class=\"e-font-icon-svg e-fas-angle-up\" viewBox=\"0 0 320 512\" xmlns=\"http:\/\/www.w3.org\/2000\/svg\"><path d=\"M177 159.7l136 136c9.4 9.4 9.4 24.6 0 33.9l-22.6 22.6c-9.4 9.4-24.6 9.4-33.9 0L160 255.9l-96.4 96.4c-9.4 9.4-24.6 9.4-33.9 0L7 329.7c-9.4-9.4-9.4-24.6 0-33.9l136-136c9.4-9.5 24.6-9.5 34-.1z\"><\/path><\/svg><\/span>\n\t\t\t<span class='e-closed'><svg aria-hidden=\"true\" class=\"e-font-icon-svg e-fas-angle-down\" viewBox=\"0 0 320 512\" xmlns=\"http:\/\/www.w3.org\/2000\/svg\"><path d=\"M143 352.3L7 216.3c-9.4-9.4-9.4-24.6 0-33.9l22.6-22.6c9.4-9.4 24.6-9.4 33.9 0l96.4 96.4 96.4-96.4c9.4-9.4 24.6-9.4 33.9 0l22.6 22.6c9.4 9.4 9.4 24.6 0 33.9l-136 136c-9.2 9.4-24.4 9.4-33.8 0z\"><\/path><\/svg><\/span>\n\t\t<\/span>\n\n\t\t\t\t\t\t<\/summary>\n\t\t\t\t<div role=\"region\" aria-labelledby=\"e-n-accordion-item-1923\" class=\"elementor-element elementor-element-e2463de e-con-full e-flex e-con e-child\" data-id=\"e2463de\" data-element_type=\"container\" data-e-type=\"container\">\n\t\t\t\t<div class=\"elementor-element elementor-element-ac4e528 elementor-widget elementor-widget-html\" data-id=\"ac4e528\" data-element_type=\"widget\" data-e-type=\"widget\" data-widget_type=\"html.default\">\n\t\t\t\t\t    <div class=\"horari-list\">\n        <ul class=\"list-group list-group-flush \">\n            <li class=\" px-0 list-group-item d-flex justify-content-between align-items-center \">\n Lunes <span>15:15 a 01:15<\/span>\n            <\/li>\n            <li class=\" px-0 list-group-item d-flex justify-content-between align-items-center \">\n Martes <span>15:15 a 01:15<\/span>\n            <\/li>\n            <li class=\" px-0 list-group-item d-flex justify-content-between align-items-center \">\n Mi\u00e9rcoles <span>15:15 a 01:15<\/span>\n            <\/li>\n            <li class=\" px-0 list-group-item d-flex justify-content-between align-items-center\">\n Jueves <span>15:15 a 01:15<\/span>\n            <\/li>\n            <li class=\" px-0 list-group-item d-flex justify-content-between align-items-center \">\n Viernes <span>15:15 a 01:15<\/span>\n            <\/li>\n            <li class=\" px-0 list-group-item d-flex justify-content-between align-items-center \">\n S\u00e1bado <span>15:15 a 01:15<\/span>\n            <\/li>\n            <li class=\" px-0 list-group-item d-flex justify-content-between align-items-center \">\n Domingo <span>15:15 a 01:15<\/span>\n            <\/li>\n        <\/ul>\n    <\/div>\t\t\t\t<\/div>\n\t\t\t\t<\/div>\n\t\t\t\t\t<\/details>\n\t\t\t\t\t\t<details id=\"e-n-accordion-item-1924\" class=\"e-n-accordion-item\" >\n\t\t\t\t<summary class=\"e-n-accordion-item-title\" data-accordion-index=\"5\" tabindex=\"-1\" aria-expanded=\"false\" aria-controls=\"e-n-accordion-item-1924\" >\n\t\t\t\t\t<span class='e-n-accordion-item-title-header'><div class=\"e-n-accordion-item-title-text\"> Mercadona <\/div><\/span>\n\t\t\t\t\t\t\t<span class='e-n-accordion-item-title-icon'>\n\t\t\t<span class='e-opened' ><svg aria-hidden=\"true\" class=\"e-font-icon-svg e-fas-angle-up\" viewBox=\"0 0 320 512\" xmlns=\"http:\/\/www.w3.org\/2000\/svg\"><path d=\"M177 159.7l136 136c9.4 9.4 9.4 24.6 0 33.9l-22.6 22.6c-9.4 9.4-24.6 9.4-33.9 0L160 255.9l-96.4 96.4c-9.4 9.4-24.6 9.4-33.9 0L7 329.7c-9.4-9.4-9.4-24.6 0-33.9l136-136c9.4-9.5 24.6-9.5 34-.1z\"><\/path><\/svg><\/span>\n\t\t\t<span class='e-closed'><svg aria-hidden=\"true\" class=\"e-font-icon-svg e-fas-angle-down\" viewBox=\"0 0 320 512\" xmlns=\"http:\/\/www.w3.org\/2000\/svg\"><path d=\"M143 352.3L7 216.3c-9.4-9.4-9.4-24.6 0-33.9l22.6-22.6c9.4-9.4 24.6-9.4 33.9 0l96.4 96.4 96.4-96.4c9.4-9.4 24.6-9.4 33.9 0l22.6 22.6c9.4 9.4 9.4 24.6 0 33.9l-136 136c-9.2 9.4-24.4 9.4-33.8 0z\"><\/path><\/svg><\/span>\n\t\t<\/span>\n\n\t\t\t\t\t\t<\/summary>\n\t\t\t\t<div role=\"region\" aria-labelledby=\"e-n-accordion-item-1924\" class=\"elementor-element elementor-element-d15ee34 e-flex e-con-boxed e-con e-child\" data-id=\"d15ee34\" data-element_type=\"container\" data-e-type=\"container\">\n\t\t\t\t\t<div class=\"e-con-inner\">\n\t\t\t\t<div class=\"elementor-element elementor-element-9a33008 elementor-widget elementor-widget-html\" data-id=\"9a33008\" data-element_type=\"widget\" data-e-type=\"widget\" data-widget_type=\"html.default\">\n\t\t\t\t\t    <div class=\"horari-list\">\n        <ul class=\"list-group list-group-flush \">\n            <li class=\" px-0 list-group-item d-flex justify-content-between align-items-center \">\n <span>Lunes a Viernes09:00 a 21:00<\/span>\n            <\/li>\n            \n          \n            <li class=\" px-0 list-group-item d-flex justify-content-between align-items-center \">\n S\u00e1bado <span>09:00 a 21:00<\/span>\n            <\/li>\n            <li class=\" px-0 list-group-item d-flex justify-content-between align-items-center \">\n Domingo <span>Cerrado<\/span>\n            <\/li>\n        <\/ul>\n    <\/div>\n    <hr><br>    <a style=\"color:black;text-decoration:underline\" href=\"https:\/\/info.mercadona.es\/es\/supermercados?coord=41.44404%2C2.2305799&amp;k=283185315528\" target=\"_blank\" rel=\"noopener\">Horarios oficiales aqu\u00ed<\/a>\t\t\t\t<\/div>\n\t\t\t\t\t<\/div>\n\t\t\t\t<\/div>\n\t\t\t\t\t<\/details>\n\t\t\t\t\t\t<details id=\"e-n-accordion-item-1925\" class=\"e-n-accordion-item\" >\n\t\t\t\t<summary class=\"e-n-accordion-item-title\" data-accordion-index=\"6\" tabindex=\"-1\" aria-expanded=\"false\" aria-controls=\"e-n-accordion-item-1925\" >\n\t\t\t\t\t<span class='e-n-accordion-item-title-header'><div class=\"e-n-accordion-item-title-text\"> Duin Sports <\/div><\/span>\n\t\t\t\t\t\t\t<span class='e-n-accordion-item-title-icon'>\n\t\t\t<span class='e-opened' ><svg aria-hidden=\"true\" class=\"e-font-icon-svg e-fas-angle-up\" viewBox=\"0 0 320 512\" xmlns=\"http:\/\/www.w3.org\/2000\/svg\"><path d=\"M177 159.7l136 136c9.4 9.4 9.4 24.6 0 33.9l-22.6 22.6c-9.4 9.4-24.6 9.4-33.9 0L160 255.9l-96.4 96.4c-9.4 9.4-24.6 9.4-33.9 0L7 329.7c-9.4-9.4-9.4-24.6 0-33.9l136-136c9.4-9.5 24.6-9.5 34-.1z\"><\/path><\/svg><\/span>\n\t\t\t<span class='e-closed'><svg aria-hidden=\"true\" class=\"e-font-icon-svg e-fas-angle-down\" viewBox=\"0 0 320 512\" xmlns=\"http:\/\/www.w3.org\/2000\/svg\"><path d=\"M143 352.3L7 216.3c-9.4-9.4-9.4-24.6 0-33.9l22.6-22.6c9.4-9.4 24.6-9.4 33.9 0l96.4 96.4 96.4-96.4c9.4-9.4 24.6-9.4 33.9 0l22.6 22.6c9.4 9.4 9.4 24.6 0 33.9l-136 136c-9.2 9.4-24.4 9.4-33.8 0z\"><\/path><\/svg><\/span>\n\t\t<\/span>\n\n\t\t\t\t\t\t<\/summary>\n\t\t\t\t<div role=\"region\" aria-labelledby=\"e-n-accordion-item-1925\" class=\"elementor-element elementor-element-bae137b e-flex e-con-boxed e-con e-child\" data-id=\"bae137b\" data-element_type=\"container\" data-e-type=\"container\">\n\t\t\t\t\t<div class=\"e-con-inner\">\n\t\t\t\t<div class=\"elementor-element elementor-element-e3b70fe elementor-widget elementor-widget-html\" data-id=\"e3b70fe\" data-element_type=\"widget\" data-e-type=\"widget\" data-widget_type=\"html.default\">\n\t\t\t\t\t    <div class=\"horari-list\">\n        <ul class=\"list-group list-group-flush \">\n            <li class=\" px-0 list-group-item d-flex justify-content-between align-items-center \">\n <span>Lunes a Jueves07:00 a 23:00<\/span>\n            <\/li>\n            \n            <li class=\" px-0 list-group-item d-flex justify-content-between align-items-center \">\n Divendres <span>07:00 a 23:00<\/span>\n            <\/li>\n            <li class=\" px-0 list-group-item d-flex justify-content-between align-items-center \">\n Dissabte <span>08:00 a 21:00<\/span>\n            <\/li>\n            <li class=\" px-0 list-group-item d-flex justify-content-between align-items-center \">\n Domingo <span>09:00 a 14:00<\/span>\n            <\/li>\n        <\/ul>\n    <\/div>\t\t\t\t<\/div>\n\t\t\t\t\t<\/div>\n\t\t\t\t<\/div>\n\t\t\t\t\t<\/details>\n\t\t\t\t\t\t<details id=\"e-n-accordion-item-1926\" class=\"e-n-accordion-item\" >\n\t\t\t\t<summary class=\"e-n-accordion-item-title\" data-accordion-index=\"7\" tabindex=\"-1\" aria-expanded=\"false\" aria-controls=\"e-n-accordion-item-1926\" >\n\t\t\t\t\t<span class='e-n-accordion-item-title-header'><div class=\"e-n-accordion-item-title-text\"> UpPadel <\/div><\/span>\n\t\t\t\t\t\t\t<span class='e-n-accordion-item-title-icon'>\n\t\t\t<span class='e-opened' ><svg aria-hidden=\"true\" class=\"e-font-icon-svg e-fas-angle-up\" viewBox=\"0 0 320 512\" xmlns=\"http:\/\/www.w3.org\/2000\/svg\"><path d=\"M177 159.7l136 136c9.4 9.4 9.4 24.6 0 33.9l-22.6 22.6c-9.4 9.4-24.6 9.4-33.9 0L160 255.9l-96.4 96.4c-9.4 9.4-24.6 9.4-33.9 0L7 329.7c-9.4-9.4-9.4-24.6 0-33.9l136-136c9.4-9.5 24.6-9.5 34-.1z\"><\/path><\/svg><\/span>\n\t\t\t<span class='e-closed'><svg aria-hidden=\"true\" class=\"e-font-icon-svg e-fas-angle-down\" viewBox=\"0 0 320 512\" xmlns=\"http:\/\/www.w3.org\/2000\/svg\"><path d=\"M143 352.3L7 216.3c-9.4-9.4-9.4-24.6 0-33.9l22.6-22.6c9.4-9.4 24.6-9.4 33.9 0l96.4 96.4 96.4-96.4c9.4-9.4 24.6-9.4 33.9 0l22.6 22.6c9.4 9.4 9.4 24.6 0 33.9l-136 136c-9.2 9.4-24.4 9.4-33.8 0z\"><\/path><\/svg><\/span>\n\t\t<\/span>\n\n\t\t\t\t\t\t<\/summary>\n\t\t\t\t<div role=\"region\" aria-labelledby=\"e-n-accordion-item-1926\" class=\"elementor-element elementor-element-96425d0 e-flex e-con-boxed e-con e-child\" data-id=\"96425d0\" data-element_type=\"container\" data-e-type=\"container\">\n\t\t\t\t\t<div class=\"e-con-inner\">\n\t\t\t\t<div class=\"elementor-element elementor-element-44c85ed elementor-widget elementor-widget-html\" data-id=\"44c85ed\" data-element_type=\"widget\" data-e-type=\"widget\" data-widget_type=\"html.default\">\n\t\t\t\t\t    <div class=\"horari-list\">\n        <ul class=\"list-group list-group-flush \">\n            <li class=\" px-0 list-group-item d-flex justify-content-between align-items-center \">\n <span>Lunes a Jueves 09:00 a 23:00<\/span>\n            <\/li>\n            \n            <li class=\" px-0 list-group-item d-flex justify-content-between align-items-center \">\n Viernes <span>09:00 a 23:00<\/span>\n            <\/li>\n            <li class=\" px-0 list-group-item d-flex justify-content-between align-items-center \">\n S\u00e1bado <span>08:00 a 21:00<\/span>\n            <\/li>\n            <li class=\" px-0 list-group-item d-flex justify-content-between align-items-center \">\n <span>Domingo 09:00 a 14:00<\/span>\n            <\/li>\n        <\/ul>\n    <\/div>\t\t\t\t<\/div>\n\t\t\t\t\t<\/div>\n\t\t\t\t<\/div>\n\t\t\t\t\t<\/details>\n\t\t\t\t\t<\/div>\n\t\t\t\t\t\t<\/div>\n\t\t\t\t<div class=\"elementor-element elementor-element-f7b430e elementor-widget-divider--view-line elementor-widget elementor-widget-divider\" data-id=\"f7b430e\" data-element_type=\"widget\" data-e-type=\"widget\" data-widget_type=\"divider.default\">\n\t\t\t\t\t\t\t<div class=\"elementor-divider\">\n\t\t\t<span class=\"elementor-divider-separator\">\n\t\t\t\t\t\t<\/span>\n\t\t<\/div>\n\t\t\t\t\t\t<\/div>\n\t\t\t\t<div class=\"elementor-element elementor-element-ff9be75 elementor-widget elementor-widget-heading\" data-id=\"ff9be75\" data-element_type=\"widget\" data-e-type=\"widget\" data-widget_type=\"heading.default\">\n\t\t\t\t\t<div class=\"elementor-heading-title elementor-size-default\">Dias festivos con apertura comercial autorizada el a\u00f1o 2026: 4 de enero, 11 de enero, 10 de mayo, 15 de agosto, 12 de octubre, 29 de noviembre y 6,13,20 y 27 de diciembre.<\/div>\t\t\t\t<\/div>\n\t\t\t\t<div class=\"elementor-element elementor-element-ab066a2 elementor-widget elementor-widget-heading\" data-id=\"ab066a2\" data-element_type=\"widget\" data-e-type=\"widget\" data-widget_type=\"heading.default\">\n\t\t\t\t\t<div class=\"elementor-heading-title elementor-size-default\">\nAlgunos horarios pueden variar en festivos o campa\u00f1as especiales.<\/div>\t\t\t\t<\/div>\n\t\t\t\t<\/div>\n\t\t<div class=\"elementor-element elementor-element-b128256 e-con-full e-flex e-con e-child\" data-id=\"b128256\" data-element_type=\"container\" data-e-type=\"container\">\n\t\t\t\t<div class=\"elementor-element elementor-element-22072ab elementor-widget elementor-widget-image\" data-id=\"22072ab\" data-element_type=\"widget\" data-e-type=\"widget\" data-widget_type=\"image.default\">\n\t\t\t\t\t\t\t\t\t\t\t\t\t\t\t<img fetchpriority=\"high\" decoding=\"async\" width=\"768\" height=\"1024\" src=\"https:\/\/magicbadalona.com\/wp-content\/uploads\/2025\/11\/IMG_3641-2-scaled-e1762858200209-768x1024.jpeg\" class=\"attachment-large size-large wp-image-1144\" alt=\"\" srcset=\"https:\/\/magicbadalona.com\/wp-content\/uploads\/2025\/11\/IMG_3641-2-scaled-e1762858200209-768x1024.jpeg 768w, https:\/\/magicbadalona.com\/wp-content\/uploads\/2025\/11\/IMG_3641-2-scaled-e1762858200209-225x300.jpeg 225w, https:\/\/magicbadalona.com\/wp-content\/uploads\/2025\/11\/IMG_3641-2-scaled-e1762858200209-1152x1536.jpeg 1152w, https:\/\/magicbadalona.com\/wp-content\/uploads\/2025\/11\/IMG_3641-2-scaled-e1762858200209-1536x2048.jpeg 1536w, https:\/\/magicbadalona.com\/wp-content\/uploads\/2025\/11\/IMG_3641-2-scaled-e1762858200209.jpeg 1920w\" sizes=\"(max-width: 768px) 100vw, 768px\" \/>\t\t\t\t\t\t\t\t\t\t\t\t\t\t\t<\/div>\n\t\t\t\t<\/div>\n\t\t\t\t<\/div>\n\t\t\t\t<\/div>\n\t\t","protected":false},"excerpt":{"rendered":"<p>Tiendas Lunes09:30 a 21:00h Martes09:30 a 21:00h Mi\u00e9rcoles09:30 a 21:00h Jueves09:30 a 21:00h Viernes09:30 a 21:00h S\u00e1bado09:30 a 21:00h Domingo Cerrado Parking &#8211; 3 horas gratuitas al d\u00eda por matr\u00edcula Lunes a Jueves Conc\u00f2rdia de 8:45 a 1:15hPau Claris de 8:50 a 0:30hCaritg de 6:45 a 23h Viernes Conc\u00f2rdia de 8:45 a 1:15hPau Claris de [&hellip;]<\/p>\n","protected":false},"author":1,"featured_media":0,"parent":1146,"menu_order":0,"comment_status":"closed","ping_status":"closed","template":"","meta":{"_acf_changed":false,"footnotes":""},"class_list":["post-1167","page","type-page","status-publish","hentry"],"acf":[],"_links":{"self":[{"href":"https:\/\/magicbadalona.com\/es\/wp-json\/wp\/v2\/pages\/1167","targetHints":{"allow":["GET"]}}],"collection":[{"href":"https:\/\/magicbadalona.com\/es\/wp-json\/wp\/v2\/pages"}],"about":[{"href":"https:\/\/magicbadalona.com\/es\/wp-json\/wp\/v2\/types\/page"}],"author":[{"embeddable":true,"href":"https:\/\/magicbadalona.com\/es\/wp-json\/wp\/v2\/users\/1"}],"replies":[{"embeddable":true,"href":"https:\/\/magicbadalona.com\/es\/wp-json\/wp\/v2\/comments?post=1167"}],"version-history":[{"count":14,"href":"https:\/\/magicbadalona.com\/es\/wp-json\/wp\/v2\/pages\/1167\/revisions"}],"predecessor-version":[{"id":3495,"href":"https:\/\/magicbadalona.com\/es\/wp-json\/wp\/v2\/pages\/1167\/revisions\/3495"}],"up":[{"embeddable":true,"href":"https:\/\/magicbadalona.com\/es\/wp-json\/wp\/v2\/pages\/1146"}],"wp:attachment":[{"href":"https:\/\/magicbadalona.com\/es\/wp-json\/wp\/v2\/media?parent=1167"}],"curies":[{"name":"wp","href":"https:\/\/api.w.org\/{rel}","templated":true}]}}